{"id":306,"date":"2026-03-12T18:51:37","date_gmt":"2026-03-12T18:51:37","guid":{"rendered":"https:\/\/coanileduca.cl\/?page_id=306"},"modified":"2026-03-12T19:38:28","modified_gmt":"2026-03-12T19:38:28","slug":"socios","status":"publish","type":"page","link":"https:\/\/coanileduca.cl\/index.php\/socios\/","title":{"rendered":"Socios"},"content":{"rendered":"\t\t<div data-elementor-type=\"wp-page\" data-elementor-id=\"306\" class=\"elementor elementor-306\">\n\t\t\t\t<div class=\"elementor-element elementor-element-a88a55e e-flex e-con-boxed e-con e-parent\" data-id=\"a88a55e\" data-element_type=\"container\">\n\t\t\t\t\t<div class=\"e-con-inner\">\n\t\t<div class=\"elementor-element elementor-element-481845d e-grid e-con-full e-con e-child\" data-id=\"481845d\" data-element_type=\"container\">\n\t\t\t\t<div class=\"elementor-element elementor-element-8786d78 elementor-widget elementor-widget-text-editor\" data-id=\"8786d78\" data-element_type=\"widget\" data-widget_type=\"text-editor.default\">\n\t\t\t\t\t\t\t\t\t<p><a href=\"https:\/\/coanileduca.cl\/\">Inicio<\/a><\/p>\t\t\t\t\t\t\t\t<\/div>\n\t\t\t\t<div class=\"elementor-element elementor-element-6069715 elementor-widget elementor-widget-text-editor\" data-id=\"6069715\" data-element_type=\"widget\" data-widget_type=\"text-editor.default\">\n\t\t\t\t\t\t\t\t\t<p><a href=\"https:\/\/coanileduca.cl\/index.php\/transparencia\/\">Transparencia<\/a><\/p>\t\t\t\t\t\t\t\t<\/div>\n\t\t\t\t<div class=\"elementor-element elementor-element-7415752 elementor-widget elementor-widget-text-editor\" data-id=\"7415752\" data-element_type=\"widget\" data-widget_type=\"text-editor.default\">\n\t\t\t\t\t\t\t\t\t<p><a href=\"https:\/\/coanileduca.cl\/index.php\/discapacidad-intelectual\/\">Discapacidad intelectual<\/a><\/p>\t\t\t\t\t\t\t\t<\/div>\n\t\t\t\t<div class=\"elementor-element elementor-element-775a92c elementor-widget elementor-widget-text-editor\" data-id=\"775a92c\" data-element_type=\"widget\" data-widget_type=\"text-editor.default\">\n\t\t\t\t\t\t\t\t\t<p><a href=\"https:\/\/coanileduca.cl\/index.php\/contacto\/\">Contacto<\/a><\/p>\t\t\t\t\t\t\t\t<\/div>\n\t\t\t\t<div class=\"elementor-element elementor-element-0c4c11a elementor-widget elementor-widget-text-editor\" data-id=\"0c4c11a\" data-element_type=\"widget\" data-widget_type=\"text-editor.default\">\n\t\t\t\t\t\t\t\t\t<p><a href=\"https:\/\/coanileduca.cl\/index.php\/socios\/\">Socios<\/a><\/p>\t\t\t\t\t\t\t\t<\/div>\n\t\t\t\t<\/div>\n\t\t\t\t<div class=\"elementor-element elementor-element-37955e6 elementor-widget elementor-widget-text-editor\" data-id=\"37955e6\" data-element_type=\"widget\" data-widget_type=\"text-editor.default\">\n\t\t\t\t\t\t\t\t\t<p><a href=\"https:\/\/coanileduca.cl\/index.php\/matricula-2026\/\"><strong>Matr\u00edcula 2026<\/strong><\/a><\/p>\t\t\t\t\t\t\t\t<\/div>\n\t\t\t\t\t<\/div>\n\t\t\t\t<\/div>\n\t\t<div class=\"elementor-element elementor-element-d63d21e e-flex e-con-boxed e-con e-parent\" data-id=\"d63d21e\" data-element_type=\"container\">\n\t\t\t\t\t<div class=\"e-con-inner\">\n\t\t\t\t<div class=\"elementor-element elementor-element-381af30 elementor-widget elementor-widget-image\" data-id=\"381af30\" data-element_type=\"widget\" data-widget_type=\"image.default\">\n\t\t\t\t\t\t\t\t\t\t\t\t\t\t\t<img fetchpriority=\"high\" decoding=\"async\" width=\"1440\" height=\"540\" src=\"https:\/\/coanileduca.cl\/wp-content\/uploads\/2026\/03\/socios-banner.png\" class=\"attachment-full size-full wp-image-310\" alt=\"\" \/>\t\t\t\t\t\t\t\t\t\t\t\t\t\t\t<\/div>\n\t\t\t\t\t<\/div>\n\t\t\t\t<\/div>\n\t\t<div class=\"elementor-element elementor-element-1902437 e-flex e-con-boxed e-con e-parent\" data-id=\"1902437\" data-element_type=\"container\">\n\t\t\t\t\t<div class=\"e-con-inner\">\n\t\t<div class=\"elementor-element elementor-element-e28a917 e-con-full e-flex e-con e-child\" data-id=\"e28a917\" data-element_type=\"container\">\n\t\t\t\t<div class=\"elementor-element elementor-element-17f1b3e elementor-widget elementor-widget-heading\" data-id=\"17f1b3e\" data-element_type=\"widget\" data-widget_type=\"heading.default\">\n\t\t\t\t\t<h2 class=\"elementor-heading-title elementor-size-default\">\u00a1Listo para marcar la diferencia? \n\u00a1Tu tambi\u00e9n puedes ser un Socio de la Inclusi\u00f3n!<\/h2>\t\t\t\t<\/div>\n\t\t\t\t<\/div>\n\t\t<div class=\"elementor-element elementor-element-58b8e21 e-con-full e-flex e-con e-child\" data-id=\"58b8e21\" data-element_type=\"container\">\n\t\t\t\t<div class=\"elementor-element elementor-element-5e108a5 elementor-widget elementor-widget-heading\" data-id=\"5e108a5\" data-element_type=\"widget\" data-widget_type=\"heading.default\">\n\t\t\t\t\t<h2 class=\"elementor-heading-title elementor-size-default\">T\u00fa aporte mensual puede mejorar la calidad de vida de nuestras usuarias y usuarios en todo el pa\u00eds.<\/h2>\t\t\t\t<\/div>\n\t\t\t\t<\/div>\n\t\t\t\t\t<\/div>\n\t\t\t\t<\/div>\n\t\t<div class=\"elementor-element elementor-element-e003bd0 e-flex e-con-boxed e-con e-parent\" data-id=\"e003bd0\" data-element_type=\"container\" data-settings=\"{&quot;background_background&quot;:&quot;classic&quot;}\">\n\t\t\t\t\t<div class=\"e-con-inner\">\n\t\t\t\t<div class=\"elementor-element elementor-element-a03f8be elementor-widget elementor-widget-spacer\" data-id=\"a03f8be\" data-element_type=\"widget\" data-widget_type=\"spacer.default\">\n\t\t\t\t\t\t\t<div class=\"elementor-spacer\">\n\t\t\t<div class=\"elementor-spacer-inner\"><\/div>\n\t\t<\/div>\n\t\t\t\t\t\t<\/div>\n\t\t\t\t\t<\/div>\n\t\t\t\t<\/div>\n\t\t<div class=\"elementor-element elementor-element-68b14ad e-flex e-con-boxed e-con e-parent\" data-id=\"68b14ad\" data-element_type=\"container\" data-settings=\"{&quot;background_background&quot;:&quot;classic&quot;}\">\n\t\t\t\t\t<div class=\"e-con-inner\">\n\t\t<div class=\"elementor-element elementor-element-cd03e1f e-con-full e-flex e-con e-child\" data-id=\"cd03e1f\" data-element_type=\"container\">\n\t\t\t\t<div class=\"elementor-element elementor-element-16d28ee elementor-widget elementor-widget-video\" data-id=\"16d28ee\" data-element_type=\"widget\" data-settings=\"{&quot;youtube_url&quot;:&quot;https:\\\/\\\/www.youtube.com\\\/watch?v=pGptw3LOc8Y&amp;embeds_referring_euri=https%3A%2F%2Fcoanil.cl%2F&amp;source_ve_path=Mjg2NjY&quot;,&quot;video_type&quot;:&quot;youtube&quot;,&quot;controls&quot;:&quot;yes&quot;}\" data-widget_type=\"video.default\">\n\t\t\t\t\t\t\t<div class=\"elementor-wrapper elementor-open-inline\">\n\t\t\t<div class=\"elementor-video\"><\/div>\t\t<\/div>\n\t\t\t\t\t\t<\/div>\n\t\t\t\t<\/div>\n\t\t<div class=\"elementor-element elementor-element-101ead9 e-con-full e-flex e-con e-child\" data-id=\"101ead9\" data-element_type=\"container\">\n\t\t\t\t<div class=\"elementor-element elementor-element-3d6c091 elementor-widget elementor-widget-text-editor\" data-id=\"3d6c091\" data-element_type=\"widget\" data-widget_type=\"text-editor.default\">\n\t\t\t\t\t\t\t\t\t<p><strong>Sylvia<\/strong> es una de las m\u00e1s de 3 mil personas con discapacidad intelectual que encuentran en Fundaci\u00f3n Coanil un lugar para crecer, aprender y ser valoradas.<\/p><p>Costurera y con una alegr\u00eda que contagia, hoy es una mujer m\u00e1s independiente y parte activa de sus comunidad.\u00a0 \u00a1Conoce su historia!<\/p>\t\t\t\t\t\t\t\t<\/div>\n\t\t\t\t<\/div>\n\t\t\t\t\t<\/div>\n\t\t\t\t<\/div>\n\t\t<div class=\"elementor-element elementor-element-188e43a e-flex e-con-boxed e-con e-parent\" data-id=\"188e43a\" data-element_type=\"container\" data-settings=\"{&quot;background_background&quot;:&quot;classic&quot;}\">\n\t\t\t\t\t<div class=\"e-con-inner\">\n\t\t<div class=\"elementor-element elementor-element-f78ce41 e-con-full e-flex e-con e-child\" data-id=\"f78ce41\" data-element_type=\"container\">\n\t\t\t\t<div class=\"elementor-element elementor-element-be1d2ef elementor-widget elementor-widget-button\" data-id=\"be1d2ef\" data-element_type=\"widget\" data-widget_type=\"button.default\">\n\t\t\t\t\t\t\t\t\t\t<a class=\"elementor-button elementor-button-link elementor-size-sm\" href=\"https:\/\/coanil.donando.cl\/\">\n\t\t\t\t\t\t<span class=\"elementor-button-content-wrapper\">\n\t\t\t\t\t\t\t\t\t<span class=\"elementor-button-text\">HAZ TU APORTE HOY<\/span>\n\t\t\t\t\t<\/span>\n\t\t\t\t\t<\/a>\n\t\t\t\t\t\t\t\t<\/div>\n\t\t\t\t<\/div>\n\t\t\t\t\t<\/div>\n\t\t\t\t<\/div>\n\t\t<div class=\"elementor-element elementor-element-a220eb9 e-flex e-con-boxed e-con e-parent\" data-id=\"a220eb9\" data-element_type=\"container\">\n\t\t\t\t\t<div class=\"e-con-inner\">\n\t\t\t\t<div class=\"elementor-element elementor-element-0cc4eb6 elementor-widget-divider--view-line elementor-widget elementor-widget-divider\" data-id=\"0cc4eb6\" data-element_type=\"widget\" data-widget_type=\"divider.default\">\n\t\t\t\t\t\t\t<div class=\"elementor-divider\">\n\t\t\t<span class=\"elementor-divider-separator\">\n\t\t\t\t\t\t<\/span>\n\t\t<\/div>\n\t\t\t\t\t\t<\/div>\n\t\t\t\t\t<\/div>\n\t\t\t\t<\/div>\n\t\t<div class=\"elementor-element elementor-element-d18327a e-flex e-con-boxed e-con e-parent\" data-id=\"d18327a\" data-element_type=\"container\">\n\t\t\t\t\t<div class=\"e-con-inner\">\n\t\t\t\t<div class=\"elementor-element elementor-element-006ef7c elementor-widget__width-initial elementor-widget elementor-widget-heading\" data-id=\"006ef7c\" data-element_type=\"widget\" data-widget_type=\"heading.default\">\n\t\t\t\t\t<h2 class=\"elementor-heading-title elementor-size-default\">\u00bfQuieres donar como empresa?<\/h2>\t\t\t\t<\/div>\n\t\t\t\t\t<\/div>\n\t\t\t\t<\/div>\n\t\t<div class=\"elementor-element elementor-element-ad69846 e-flex e-con-boxed e-con e-parent\" data-id=\"ad69846\" data-element_type=\"container\">\n\t\t\t\t\t<div class=\"e-con-inner\">\n\t\t\t\t<div class=\"elementor-element elementor-element-e27c79d elementor-widget elementor-widget-text-editor\" data-id=\"e27c79d\" data-element_type=\"widget\" data-widget_type=\"text-editor.default\">\n\t\t\t\t\t\t\t\t\t<p>Su compromiso con la discapacidad intelectual no solo impulsa la responsabilidad social, sino que tambi\u00e9n le otorga importantes beneficios tributarios.<\/p><p>Para donar a trav\u00e9s de normas legislativas o por simple gesto de colaborar, puede contactar a <strong>tesorer\u00eda@coanil.cl<\/strong>.<\/p><p>Fundaci\u00f3n Coanil entrega certificados de donaci\u00f3n<\/p>\t\t\t\t\t\t\t\t<\/div>\n\t\t\t\t\t<\/div>\n\t\t\t\t<\/div>\n\t\t<div class=\"elementor-element elementor-element-06c5b71 e-flex e-con-boxed e-con e-parent\" data-id=\"06c5b71\" data-element_type=\"container\">\n\t\t\t\t\t<div class=\"e-con-inner\">\n\t\t\t\t<div class=\"elementor-element elementor-element-bd8809c elementor-widget elementor-widget-image\" data-id=\"bd8809c\" data-element_type=\"widget\" data-widget_type=\"image.default\">\n\t\t\t\t\t\t\t\t\t\t\t\t\t\t\t<img decoding=\"async\" width=\"1024\" height=\"365\" src=\"https:\/\/coanileduca.cl\/wp-content\/uploads\/2026\/03\/Imagen-Footer.png\" class=\"attachment-large size-large wp-image-309\" alt=\"\" \/>\t\t\t\t\t\t\t\t\t\t\t\t\t\t\t<\/div>\n\t\t\t\t\t<\/div>\n\t\t\t\t<\/div>\n\t\t\t\t<\/div>\n\t\t","protected":false},"excerpt":{"rendered":"<p>Inicio Transparencia Discapacidad intelectual Contacto Socios Matr\u00edcula 2026 \u00a1Listo para marcar la diferencia? \u00a1Tu tambi\u00e9n puedes ser un Socio de la Inclusi\u00f3n! T\u00fa aporte mensual puede mejorar la calidad de vida de nuestras usuarias y usuarios en todo el pa\u00eds. https:\/\/www.youtube.com\/watch?v=pGptw3LOc8Y&#038;embeds_referring_euri=https%3A%2F%2Fcoanil.cl%2F&#038;source_ve_path=Mjg2NjY Sylvia es una de las m\u00e1s de 3 mil personas con discapacidad intelectual que&#8230;<\/p>\n","protected":false},"author":1,"featured_media":0,"parent":0,"menu_order":0,"comment_status":"closed","ping_status":"closed","template":"","meta":{"_kad_post_transparent":"","_kad_post_title":"hide","_kad_post_layout":"fullwidth","_kad_post_sidebar_id":"","_kad_post_content_style":"unboxed","_kad_post_vertical_padding":"hide","_kad_post_feature":"hide","_kad_post_feature_position":"","_kad_post_header":false,"_kad_post_footer":false,"_kad_post_classname":"","footnotes":""},"class_list":["post-306","page","type-page","status-publish","hentry"],"_links":{"self":[{"href":"https:\/\/coanileduca.cl\/index.php\/wp-json\/wp\/v2\/pages\/306","targetHints":{"allow":["GET"]}}],"collection":[{"href":"https:\/\/coanileduca.cl\/index.php\/wp-json\/wp\/v2\/pages"}],"about":[{"href":"https:\/\/coanileduca.cl\/index.php\/wp-json\/wp\/v2\/types\/page"}],"author":[{"embeddable":true,"href":"https:\/\/coanileduca.cl\/index.php\/wp-json\/wp\/v2\/users\/1"}],"replies":[{"embeddable":true,"href":"https:\/\/coanileduca.cl\/index.php\/wp-json\/wp\/v2\/comments?post=306"}],"version-history":[{"count":10,"href":"https:\/\/coanileduca.cl\/index.php\/wp-json\/wp\/v2\/pages\/306\/revisions"}],"predecessor-version":[{"id":319,"href":"https:\/\/coanileduca.cl\/index.php\/wp-json\/wp\/v2\/pages\/306\/revisions\/319"}],"wp:attachment":[{"href":"https:\/\/coanileduca.cl\/index.php\/wp-json\/wp\/v2\/media?parent=306"}],"curies":[{"name":"wp","href":"https:\/\/api.w.org\/{rel}","templated":true}]}}