{"id":239,"date":"2026-01-09T12:29:02","date_gmt":"2026-01-09T12:29:02","guid":{"rendered":"https:\/\/coanileduca.cl\/?page_id=239"},"modified":"2026-01-09T13:58:18","modified_gmt":"2026-01-09T13:58:18","slug":"matricula-2026","status":"publish","type":"page","link":"https:\/\/coanileduca.cl\/index.php\/matricula-2026\/","title":{"rendered":"Matr\u00edcula 2026"},"content":{"rendered":"\t\t<div data-elementor-type=\"wp-page\" data-elementor-id=\"239\" class=\"elementor elementor-239\">\n\t\t\t\t<div class=\"elementor-element elementor-element-31e8f8e e-flex e-con-boxed e-con e-parent\" data-id=\"31e8f8e\" data-element_type=\"container\">\n\t\t\t\t\t<div class=\"e-con-inner\">\n\t\t<div class=\"elementor-element elementor-element-2aefffe e-grid e-con-full e-con e-child\" data-id=\"2aefffe\" data-element_type=\"container\">\n\t\t\t\t<div class=\"elementor-element elementor-element-e1cf724 elementor-widget elementor-widget-text-editor\" data-id=\"e1cf724\" data-element_type=\"widget\" data-widget_type=\"text-editor.default\">\n\t\t\t\t\t\t\t\t\t<p><a href=\"https:\/\/coanileduca.cl\/\">Inicio<\/a><\/p>\t\t\t\t\t\t\t\t<\/div>\n\t\t\t\t<div class=\"elementor-element elementor-element-6f1f434 elementor-widget elementor-widget-text-editor\" data-id=\"6f1f434\" data-element_type=\"widget\" data-widget_type=\"text-editor.default\">\n\t\t\t\t\t\t\t\t\t<p><a href=\"https:\/\/coanileduca.cl\/index.php\/transparencia\/\">Transparencia<\/a><\/p>\t\t\t\t\t\t\t\t<\/div>\n\t\t\t\t<div class=\"elementor-element elementor-element-82c3781 elementor-widget elementor-widget-text-editor\" data-id=\"82c3781\" data-element_type=\"widget\" data-widget_type=\"text-editor.default\">\n\t\t\t\t\t\t\t\t\t<p><a href=\"https:\/\/coanileduca.cl\/index.php\/discapacidad-intelectual\/\">Discapacidad intelectual<\/a><\/p>\t\t\t\t\t\t\t\t<\/div>\n\t\t\t\t<div class=\"elementor-element elementor-element-eb95e00 elementor-widget elementor-widget-text-editor\" data-id=\"eb95e00\" data-element_type=\"widget\" data-widget_type=\"text-editor.default\">\n\t\t\t\t\t\t\t\t\t<p><a href=\"https:\/\/coanileduca.cl\/index.php\/contacto\/\">Contacto<\/a><\/p>\t\t\t\t\t\t\t\t<\/div>\n\t\t\t\t<div class=\"elementor-element elementor-element-73a1d23 elementor-widget elementor-widget-text-editor\" data-id=\"73a1d23\" data-element_type=\"widget\" data-widget_type=\"text-editor.default\">\n\t\t\t\t\t\t\t\t\t<p><a href=\"https:\/\/coanileduca.cl\/index.php\/matricula-2026\/\"><strong>Matr\u00edcula 2026<\/strong><\/a><\/p>\t\t\t\t\t\t\t\t<\/div>\n\t\t\t\t<\/div>\n\t\t\t\t\t<\/div>\n\t\t\t\t<\/div>\n\t\t<div class=\"elementor-element elementor-element-08af99a e-flex e-con-boxed e-con e-parent\" data-id=\"08af99a\" data-element_type=\"container\">\n\t\t\t\t\t<div class=\"e-con-inner\">\n\t\t<div class=\"elementor-element elementor-element-954828c e-con-full e-flex e-con e-child\" data-id=\"954828c\" data-element_type=\"container\">\n\t\t\t\t<div class=\"elementor-element elementor-element-4662aa5 elementor-widget elementor-widget-image\" data-id=\"4662aa5\" data-element_type=\"widget\" data-widget_type=\"image.default\">\n\t\t\t\t\t\t\t\t\t\t\t\t\t\t\t<img fetchpriority=\"high\" decoding=\"async\" width=\"1440\" height=\"350\" src=\"https:\/\/coanileduca.cl\/wp-content\/uploads\/2026\/01\/Matricula-2026.png\" class=\"attachment-full size-full wp-image-242\" alt=\"\" \/>\t\t\t\t\t\t\t\t\t\t\t\t\t\t\t<\/div>\n\t\t\t\t<\/div>\n\t\t\t\t\t<\/div>\n\t\t\t\t<\/div>\n\t\t<div class=\"elementor-element elementor-element-45cb7ad e-flex e-con-boxed e-con e-parent\" data-id=\"45cb7ad\" data-element_type=\"container\">\n\t\t\t\t\t<div class=\"e-con-inner\">\n\t\t<div class=\"elementor-element elementor-element-c343f97 e-con-full e-flex e-con e-child\" data-id=\"c343f97\" data-element_type=\"container\">\n\t\t<div class=\"elementor-element elementor-element-5e97794 e-con-full e-flex e-con e-child\" data-id=\"5e97794\" data-element_type=\"container\">\n\t\t\t\t<div class=\"elementor-element elementor-element-7210d3d elementor-widget elementor-widget-text-editor\" data-id=\"7210d3d\" data-element_type=\"widget\" data-widget_type=\"text-editor.default\">\n\t\t\t\t\t\t\t\t\t<h2>Matr\u00edcula 2026<\/h2>\t\t\t\t\t\t\t\t<\/div>\n\t\t\t\t<\/div>\n\t\t\t\t<\/div>\n\t\t\t\t\t<\/div>\n\t\t\t\t<\/div>\n\t\t<div class=\"elementor-element elementor-element-e85a8d2 e-flex e-con-boxed e-con e-parent\" data-id=\"e85a8d2\" data-element_type=\"container\">\n\t\t\t\t\t<div class=\"e-con-inner\">\n\t\t<div class=\"elementor-element elementor-element-e87860d e-con-full e-flex e-con e-child\" data-id=\"e87860d\" data-element_type=\"container\">\n\t\t<div class=\"elementor-element elementor-element-f6c4dae e-con-full e-flex e-con e-child\" data-id=\"f6c4dae\" data-element_type=\"container\">\n\t\t\t\t<div class=\"elementor-element elementor-element-3ce6ee4 elementor-widget elementor-widget-text-editor\" data-id=\"3ce6ee4\" data-element_type=\"widget\" data-widget_type=\"text-editor.default\">\n\t\t\t\t\t\t\t\t\t<p>Contamos con <strong><span style=\"color: #f8a909;\">26 establecimientos educacionales de Arica a Castro<\/span><\/strong><\/p>\t\t\t\t\t\t\t\t<\/div>\n\t\t\t\t<\/div>\n\t\t\t\t<\/div>\n\t\t\t\t\t<\/div>\n\t\t\t\t<\/div>\n\t\t<div class=\"elementor-element elementor-element-553626c e-flex e-con-boxed e-con e-parent\" data-id=\"553626c\" data-element_type=\"container\">\n\t\t\t\t\t<div class=\"e-con-inner\">\n\t\t<div class=\"elementor-element elementor-element-b795d0a e-con-full e-flex e-con e-child\" data-id=\"b795d0a\" data-element_type=\"container\">\n\t\t<div class=\"elementor-element elementor-element-5b32b9d e-con-full e-flex e-con e-child\" data-id=\"5b32b9d\" data-element_type=\"container\">\n\t\t\t\t<div class=\"elementor-element elementor-element-37f225b elementor-widget elementor-widget-text-editor\" data-id=\"37f225b\" data-element_type=\"widget\" data-widget_type=\"text-editor.default\">\n\t\t\t\t\t\t\t\t\t<p>Somos una comunidad educativa de m\u00e1s de 1900 estudiantes y cerca de 600 profesionales trabajando por una educaci\u00f3n integral y de calidad.<\/p>\t\t\t\t\t\t\t\t<\/div>\n\t\t\t\t<\/div>\n\t\t\t\t<\/div>\n\t\t\t\t\t<\/div>\n\t\t\t\t<\/div>\n\t\t<div class=\"elementor-element elementor-element-4f1bfe1 e-flex e-con-boxed e-con e-parent\" data-id=\"4f1bfe1\" data-element_type=\"container\">\n\t\t\t\t\t<div class=\"e-con-inner\">\n\t\t\t\t<div class=\"elementor-element elementor-element-bf52a95 elementor-widget elementor-widget-image-gallery\" data-id=\"bf52a95\" data-element_type=\"widget\" data-widget_type=\"image-gallery.default\">\n\t\t\t\t\t\t\t<div class=\"elementor-image-gallery\">\n\t\t\t<div id='gallery-1' class='gallery galleryid-239 gallery-columns-2 gallery-size-full'><figure class='gallery-item'>\n\t\t\t<div class='gallery-icon landscape'>\n\t\t\t\t<a data-elementor-open-lightbox=\"yes\" data-elementor-lightbox-slideshow=\"bf52a95\" data-elementor-lightbox-title=\"Slider 5\" data-e-action-hash=\"#elementor-action%3Aaction%3Dlightbox%26settings%3DeyJpZCI6MTAxLCJ1cmwiOiJodHRwczpcL1wvY29hbmlsZWR1Y2EuY2xcL3dwLWNvbnRlbnRcL3VwbG9hZHNcLzIwMjZcLzAxXC9TbGlkZXItNS5qcGciLCJzbGlkZXNob3ciOiJiZjUyYTk1In0%3D\" href='https:\/\/coanileduca.cl\/wp-content\/uploads\/2026\/01\/Slider-5.jpg'><img decoding=\"async\" width=\"1440\" height=\"540\" src=\"https:\/\/coanileduca.cl\/wp-content\/uploads\/2026\/01\/Slider-5.jpg\" class=\"attachment-full size-full\" alt=\"\" \/><\/a>\n\t\t\t<\/div><\/figure><figure class='gallery-item'>\n\t\t\t<div class='gallery-icon landscape'>\n\t\t\t\t<a data-elementor-open-lightbox=\"yes\" data-elementor-lightbox-slideshow=\"bf52a95\" data-elementor-lightbox-title=\"Slider 2\" data-e-action-hash=\"#elementor-action%3Aaction%3Dlightbox%26settings%3DeyJpZCI6OTgsInVybCI6Imh0dHBzOlwvXC9jb2FuaWxlZHVjYS5jbFwvd3AtY29udGVudFwvdXBsb2Fkc1wvMjAyNlwvMDFcL1NsaWRlci0yLmpwZyIsInNsaWRlc2hvdyI6ImJmNTJhOTUifQ%3D%3D\" href='https:\/\/coanileduca.cl\/wp-content\/uploads\/2026\/01\/Slider-2.jpg'><img decoding=\"async\" width=\"1440\" height=\"540\" src=\"https:\/\/coanileduca.cl\/wp-content\/uploads\/2026\/01\/Slider-2.jpg\" class=\"attachment-full size-full\" alt=\"\" \/><\/a>\n\t\t\t<\/div><\/figure><figure class='gallery-item'>\n\t\t\t<div class='gallery-icon landscape'>\n\t\t\t\t<a data-elementor-open-lightbox=\"yes\" data-elementor-lightbox-slideshow=\"bf52a95\" data-elementor-lightbox-title=\"Slider 3\" data-e-action-hash=\"#elementor-action%3Aaction%3Dlightbox%26settings%3DeyJpZCI6OTksInVybCI6Imh0dHBzOlwvXC9jb2FuaWxlZHVjYS5jbFwvd3AtY29udGVudFwvdXBsb2Fkc1wvMjAyNlwvMDFcL1NsaWRlci0zLmpwZyIsInNsaWRlc2hvdyI6ImJmNTJhOTUifQ%3D%3D\" href='https:\/\/coanileduca.cl\/wp-content\/uploads\/2026\/01\/Slider-3.jpg'><img loading=\"lazy\" decoding=\"async\" width=\"1440\" height=\"540\" src=\"https:\/\/coanileduca.cl\/wp-content\/uploads\/2026\/01\/Slider-3.jpg\" class=\"attachment-full size-full\" alt=\"\" \/><\/a>\n\t\t\t<\/div><\/figure><figure class='gallery-item'>\n\t\t\t<div class='gallery-icon landscape'>\n\t\t\t\t<a data-elementor-open-lightbox=\"yes\" data-elementor-lightbox-slideshow=\"bf52a95\" data-elementor-lightbox-title=\"Slider 4\" data-e-action-hash=\"#elementor-action%3Aaction%3Dlightbox%26settings%3DeyJpZCI6MTAwLCJ1cmwiOiJodHRwczpcL1wvY29hbmlsZWR1Y2EuY2xcL3dwLWNvbnRlbnRcL3VwbG9hZHNcLzIwMjZcLzAxXC9TbGlkZXItNC5qcGciLCJzbGlkZXNob3ciOiJiZjUyYTk1In0%3D\" href='https:\/\/coanileduca.cl\/wp-content\/uploads\/2026\/01\/Slider-4.jpg'><img loading=\"lazy\" decoding=\"async\" width=\"1440\" height=\"540\" src=\"https:\/\/coanileduca.cl\/wp-content\/uploads\/2026\/01\/Slider-4.jpg\" class=\"attachment-full size-full\" alt=\"\" \/><\/a>\n\t\t\t<\/div><\/figure>\n\t\t<\/div>\n\t\t<\/div>\n\t\t\t\t\t\t<\/div>\n\t\t\t\t\t<\/div>\n\t\t\t\t<\/div>\n\t\t<div class=\"elementor-element elementor-element-224b19d e-flex e-con-boxed e-con e-parent\" data-id=\"224b19d\" data-element_type=\"container\" data-settings=\"{&quot;background_background&quot;:&quot;classic&quot;}\">\n\t\t\t\t\t<div class=\"e-con-inner\">\n\t\t<div class=\"elementor-element elementor-element-d02ca77 e-con-full e-flex e-con e-child\" data-id=\"d02ca77\" data-element_type=\"container\" data-settings=\"{&quot;background_background&quot;:&quot;classic&quot;}\">\n\t\t<div class=\"elementor-element elementor-element-bfb8744 e-con-full e-flex e-con e-child\" data-id=\"bfb8744\" data-element_type=\"container\">\n\t\t\t\t<div class=\"elementor-element elementor-element-c928494 elementor-widget elementor-widget-text-editor\" data-id=\"c928494\" data-element_type=\"widget\" data-widget_type=\"text-editor.default\">\n\t\t\t\t\t\t\t\t\t<h3>\u00a0Conoce nuestros centros y postula al proceso de admisi\u00f3n.<\/h3>\t\t\t\t\t\t\t\t<\/div>\n\t\t\t\t<\/div>\n\t\t\t\t<\/div>\n\t\t\t\t\t<\/div>\n\t\t\t\t<\/div>\n\t\t<div class=\"elementor-element elementor-element-d25e952 e-flex e-con-boxed e-con e-parent\" data-id=\"d25e952\" data-element_type=\"container\" data-settings=\"{&quot;background_background&quot;:&quot;classic&quot;}\">\n\t\t\t\t\t<div class=\"e-con-inner\">\n\t\t<div class=\"elementor-element elementor-element-9a078f1 e-con-full e-flex e-con e-child\" data-id=\"9a078f1\" data-element_type=\"container\" data-settings=\"{&quot;background_background&quot;:&quot;classic&quot;}\">\n\t\t\t\t<div class=\"elementor-element elementor-element-c641273 elementor-align-center elementor-widget elementor-widget-button\" data-id=\"c641273\" data-element_type=\"widget\" data-widget_type=\"button.default\">\n\t\t\t\t\t\t\t\t\t\t<a class=\"elementor-button elementor-button-link elementor-size-sm\" href=\"https:\/\/coanil.cl\/que-hacemos\/fundacion-educacional-coanil\/centros-educacionales\/\">\n\t\t\t\t\t\t<span class=\"elementor-button-content-wrapper\">\n\t\t\t\t\t\t\t\t\t<span class=\"elementor-button-text\">Postula aqu\u00ed<\/span>\n\t\t\t\t\t<\/span>\n\t\t\t\t\t<\/a>\n\t\t\t\t\t\t\t\t<\/div>\n\t\t\t\t<\/div>\n\t\t\t\t\t<\/div>\n\t\t\t\t<\/div>\n\t\t\t\t<\/div>\n\t\t","protected":false},"excerpt":{"rendered":"<p>Inicio Transparencia Discapacidad intelectual Contacto Matr\u00edcula 2026 Matr\u00edcula 2026 Contamos con 26 establecimientos educacionales de Arica a Castro Somos una comunidad educativa de m\u00e1s de 1900 estudiantes y cerca de 600 profesionales trabajando por una educaci\u00f3n integral y de calidad. \u00a0Conoce nuestros centros y postula al proceso de admisi\u00f3n. Postula aqu\u00ed<\/p>\n","protected":false},"author":2,"featured_media":0,"parent":0,"menu_order":0,"comment_status":"closed","ping_status":"closed","template":"","meta":{"_kad_post_transparent":"","_kad_post_title":"hide","_kad_post_layout":"fullwidth","_kad_post_sidebar_id":"","_kad_post_content_style":"unboxed","_kad_post_vertical_padding":"hide","_kad_post_feature":"hide","_kad_post_feature_position":"","_kad_post_header":false,"_kad_post_footer":false,"_kad_post_classname":"","footnotes":""},"class_list":["post-239","page","type-page","status-publish","hentry"],"_links":{"self":[{"href":"https:\/\/coanileduca.cl\/index.php\/wp-json\/wp\/v2\/pages\/239","targetHints":{"allow":["GET"]}}],"collection":[{"href":"https:\/\/coanileduca.cl\/index.php\/wp-json\/wp\/v2\/pages"}],"about":[{"href":"https:\/\/coanileduca.cl\/index.php\/wp-json\/wp\/v2\/types\/page"}],"author":[{"embeddable":true,"href":"https:\/\/coanileduca.cl\/index.php\/wp-json\/wp\/v2\/users\/2"}],"replies":[{"embeddable":true,"href":"https:\/\/coanileduca.cl\/index.php\/wp-json\/wp\/v2\/comments?post=239"}],"version-history":[{"count":19,"href":"https:\/\/coanileduca.cl\/index.php\/wp-json\/wp\/v2\/pages\/239\/revisions"}],"predecessor-version":[{"id":284,"href":"https:\/\/coanileduca.cl\/index.php\/wp-json\/wp\/v2\/pages\/239\/revisions\/284"}],"wp:attachment":[{"href":"https:\/\/coanileduca.cl\/index.php\/wp-json\/wp\/v2\/media?parent=239"}],"curies":[{"name":"wp","href":"https:\/\/api.w.org\/{rel}","templated":true}]}}