{"id":162,"date":"2026-01-07T19:11:07","date_gmt":"2026-01-07T19:11:07","guid":{"rendered":"https:\/\/coanileduca.cl\/?page_id=162"},"modified":"2026-03-12T19:59:36","modified_gmt":"2026-03-12T19:59:36","slug":"contacto","status":"publish","type":"page","link":"https:\/\/coanileduca.cl\/index.php\/contacto\/","title":{"rendered":"Contacto"},"content":{"rendered":"\t\t<div data-elementor-type=\"wp-page\" data-elementor-id=\"162\" class=\"elementor elementor-162\">\n\t\t\t\t<div class=\"elementor-element elementor-element-bdc5298 e-flex e-con-boxed e-con e-parent\" data-id=\"bdc5298\" data-element_type=\"container\">\n\t\t\t\t\t<div class=\"e-con-inner\">\n\t\t<div class=\"elementor-element elementor-element-220d5e8 e-con-full e-flex e-con e-child\" data-id=\"220d5e8\" data-element_type=\"container\">\n\t\t<div class=\"elementor-element elementor-element-873271d e-con-full e-flex e-con e-child\" data-id=\"873271d\" data-element_type=\"container\">\n\t\t<div class=\"elementor-element elementor-element-168c86a e-grid e-con-full e-con e-child\" data-id=\"168c86a\" data-element_type=\"container\">\n\t\t\t\t<div class=\"elementor-element elementor-element-5eab779 elementor-widget elementor-widget-text-editor\" data-id=\"5eab779\" data-element_type=\"widget\" data-widget_type=\"text-editor.default\">\n\t\t\t\t\t\t\t\t\t<p><a href=\"https:\/\/coanileduca.cl\/\">Inicio<\/a><\/p>\t\t\t\t\t\t\t\t<\/div>\n\t\t\t\t<div class=\"elementor-element elementor-element-21ff13d elementor-widget elementor-widget-text-editor\" data-id=\"21ff13d\" data-element_type=\"widget\" data-widget_type=\"text-editor.default\">\n\t\t\t\t\t\t\t\t\t<p><a href=\"https:\/\/coanileduca.cl\/index.php\/transparencia\/\">Transparencia<\/a><\/p>\t\t\t\t\t\t\t\t<\/div>\n\t\t\t\t<div class=\"elementor-element elementor-element-3011ed2 elementor-widget elementor-widget-text-editor\" data-id=\"3011ed2\" data-element_type=\"widget\" data-widget_type=\"text-editor.default\">\n\t\t\t\t\t\t\t\t\t<p><a href=\"https:\/\/coanileduca.cl\/index.php\/discapacidad-intelectual\/\">Discapacidad intelectual<\/a><\/p>\t\t\t\t\t\t\t\t<\/div>\n\t\t\t\t<div class=\"elementor-element elementor-element-12b5883 elementor-widget elementor-widget-text-editor\" data-id=\"12b5883\" data-element_type=\"widget\" data-widget_type=\"text-editor.default\">\n\t\t\t\t\t\t\t\t\t<p><a href=\"https:\/\/coanileduca.cl\/index.php\/contacto\/\">Contacto<\/a><\/p>\t\t\t\t\t\t\t\t<\/div>\n\t\t\t\t<div class=\"elementor-element elementor-element-0836934 elementor-widget elementor-widget-text-editor\" data-id=\"0836934\" data-element_type=\"widget\" data-widget_type=\"text-editor.default\">\n\t\t\t\t\t\t\t\t\t<p><a href=\"https:\/\/coanileduca.cl\/index.php\/socios\/\">Socios<\/a><\/p>\t\t\t\t\t\t\t\t<\/div>\n\t\t\t\t<\/div>\n\t\t\t\t<div class=\"elementor-element elementor-element-9efc585 elementor-widget elementor-widget-text-editor\" data-id=\"9efc585\" data-element_type=\"widget\" data-widget_type=\"text-editor.default\">\n\t\t\t\t\t\t\t\t\t<p><a href=\"https:\/\/coanileduca.cl\/index.php\/matricula-2026\/\"><strong>Matr\u00edcula 2026<\/strong><\/a><\/p>\t\t\t\t\t\t\t\t<\/div>\n\t\t\t\t<\/div>\n\t\t\t\t<\/div>\n\t\t\t\t\t<\/div>\n\t\t\t\t<\/div>\n\t\t<div class=\"elementor-element elementor-element-72a5e83 e-flex e-con-boxed e-con e-parent\" data-id=\"72a5e83\" data-element_type=\"container\">\n\t\t\t\t\t<div class=\"e-con-inner\">\n\t\t<div class=\"elementor-element elementor-element-881c158 e-con-full e-flex e-con e-child\" data-id=\"881c158\" data-element_type=\"container\">\n\t\t\t\t<div class=\"elementor-element elementor-element-2d9ad33 elementor-widget elementor-widget-image\" data-id=\"2d9ad33\" data-element_type=\"widget\" data-widget_type=\"image.default\">\n\t\t\t\t\t\t\t\t\t\t\t\t\t\t\t<img fetchpriority=\"high\" decoding=\"async\" width=\"1440\" height=\"350\" src=\"https:\/\/coanileduca.cl\/wp-content\/uploads\/2026\/01\/Contacto.png\" class=\"attachment-full size-full wp-image-266\" alt=\"\" \/>\t\t\t\t\t\t\t\t\t\t\t\t\t\t\t<\/div>\n\t\t\t\t<\/div>\n\t\t\t\t\t<\/div>\n\t\t\t\t<\/div>\n\t\t<div class=\"elementor-element elementor-element-736f128 e-flex e-con-boxed e-con e-parent\" data-id=\"736f128\" data-element_type=\"container\">\n\t\t\t\t\t<div class=\"e-con-inner\">\n\t\t<div class=\"elementor-element elementor-element-e104b91 e-con-full e-flex e-con e-child\" data-id=\"e104b91\" data-element_type=\"container\">\n\t\t\t\t<div class=\"elementor-element elementor-element-9dc58e8 elementor-widget elementor-widget-text-editor\" data-id=\"9dc58e8\" data-element_type=\"widget\" data-widget_type=\"text-editor.default\">\n\t\t\t\t\t\t\t\t\t<p><span style=\"color: #f8a909;\"><strong>Queremos construir canales de comunicaci\u00f3n<\/strong><\/span><\/p>\t\t\t\t\t\t\t\t<\/div>\n\t\t\t\t<div class=\"elementor-element elementor-element-79bb262 elementor-widget elementor-widget-text-editor\" data-id=\"79bb262\" data-element_type=\"widget\" data-widget_type=\"text-editor.default\">\n\t\t\t\t\t\t\t\t\t<p>Si quieres conocer m\u00e1s acerca de los programas e iniciativas que impulsamos o conversar con nosotros \u00a1cont\u00e1ctanos! Nos comunicaremos contigo lo antes posible<\/p>\t\t\t\t\t\t\t\t<\/div>\n\t\t\t\t<div class=\"elementor-element elementor-element-59e4066 elementor-align-center elementor-widget elementor-widget-button\" data-id=\"59e4066\" data-element_type=\"widget\" data-widget_type=\"button.default\">\n\t\t\t\t\t\t\t\t\t\t<a class=\"elementor-button elementor-button-link elementor-size-sm\" href=\"https:\/\/coanil.cl\/contacto\/formulario-de-contacto\">\n\t\t\t\t\t\t<span class=\"elementor-button-content-wrapper\">\n\t\t\t\t\t\t\t\t\t<span class=\"elementor-button-text\">Formulario de contacto<\/span>\n\t\t\t\t\t<\/span>\n\t\t\t\t\t<\/a>\n\t\t\t\t\t\t\t\t<\/div>\n\t\t\t\t<\/div>\n\t\t<div class=\"elementor-element elementor-element-88a06ef e-con-full e-flex e-con e-child\" data-id=\"88a06ef\" data-element_type=\"container\">\n\t\t\t\t<div class=\"elementor-element elementor-element-dc02d19 elementor-widget elementor-widget-text-editor\" data-id=\"dc02d19\" data-element_type=\"widget\" data-widget_type=\"text-editor.default\">\n\t\t\t\t\t\t\t\t\t<p><span style=\"color: #f8a909;\"><strong>Denuncias y reclamos<\/strong><\/span><\/p>\t\t\t\t\t\t\t\t<\/div>\n\t\t\t\t<div class=\"elementor-element elementor-element-919e5d8 elementor-widget elementor-widget-text-editor\" data-id=\"919e5d8\" data-element_type=\"widget\" data-widget_type=\"text-editor.default\">\n\t\t\t\t\t\t\t\t\t<p>Nuestro canal de denuncias y reclamos es un medio destinado a informar irregularidades e incumplimientos tanto legales como respecto a nuestras normas o reglamentos internos.\u00a0 Todas las denuncias o reclamos recibidos son gestionados velando por la seguridad y protecci\u00f3n de las personas.<\/p>\t\t\t\t\t\t\t\t<\/div>\n\t\t\t\t<div class=\"elementor-element elementor-element-88ab578 elementor-align-center elementor-widget elementor-widget-button\" data-id=\"88ab578\" data-element_type=\"widget\" data-widget_type=\"button.default\">\n\t\t\t\t\t\t\t\t\t\t<a class=\"elementor-button elementor-button-link elementor-size-sm\" href=\"https:\/\/coanil.cl\/contacto\/formulario-de-contacto\">\n\t\t\t\t\t\t<span class=\"elementor-button-content-wrapper\">\n\t\t\t\t\t\t\t\t\t<span class=\"elementor-button-text\">Formulario de contacto<\/span>\n\t\t\t\t\t<\/span>\n\t\t\t\t\t<\/a>\n\t\t\t\t\t\t\t\t<\/div>\n\t\t\t\t<\/div>\n\t\t\t\t\t<\/div>\n\t\t\t\t<\/div>\n\t\t\t\t<\/div>\n\t\t","protected":false},"excerpt":{"rendered":"<p>Inicio Transparencia Discapacidad intelectual Contacto Socios Matr\u00edcula 2026 Queremos construir canales de comunicaci\u00f3n Si quieres conocer m\u00e1s acerca de los programas e iniciativas que impulsamos o conversar con nosotros \u00a1cont\u00e1ctanos! Nos comunicaremos contigo lo antes posible Formulario de contacto Denuncias y reclamos Nuestro canal de denuncias y reclamos es un medio destinado a informar irregularidades&#8230;<\/p>\n","protected":false},"author":1,"featured_media":0,"parent":0,"menu_order":0,"comment_status":"closed","ping_status":"closed","template":"","meta":{"_kad_post_transparent":"","_kad_post_title":"hide","_kad_post_layout":"fullwidth","_kad_post_sidebar_id":"","_kad_post_content_style":"unboxed","_kad_post_vertical_padding":"hide","_kad_post_feature":"hide","_kad_post_feature_position":"","_kad_post_header":false,"_kad_post_footer":false,"_kad_post_classname":"","footnotes":""},"class_list":["post-162","page","type-page","status-publish","hentry"],"_links":{"self":[{"href":"https:\/\/coanileduca.cl\/index.php\/wp-json\/wp\/v2\/pages\/162","targetHints":{"allow":["GET"]}}],"collection":[{"href":"https:\/\/coanileduca.cl\/index.php\/wp-json\/wp\/v2\/pages"}],"about":[{"href":"https:\/\/coanileduca.cl\/index.php\/wp-json\/wp\/v2\/types\/page"}],"author":[{"embeddable":true,"href":"https:\/\/coanileduca.cl\/index.php\/wp-json\/wp\/v2\/users\/1"}],"replies":[{"embeddable":true,"href":"https:\/\/coanileduca.cl\/index.php\/wp-json\/wp\/v2\/comments?post=162"}],"version-history":[{"count":10,"href":"https:\/\/coanileduca.cl\/index.php\/wp-json\/wp\/v2\/pages\/162\/revisions"}],"predecessor-version":[{"id":338,"href":"https:\/\/coanileduca.cl\/index.php\/wp-json\/wp\/v2\/pages\/162\/revisions\/338"}],"wp:attachment":[{"href":"https:\/\/coanileduca.cl\/index.php\/wp-json\/wp\/v2\/media?parent=162"}],"curies":[{"name":"wp","href":"https:\/\/api.w.org\/{rel}","templated":true}]}}